{"id":4248,"date":"2024-11-11T11:30:09","date_gmt":"2024-11-11T11:30:09","guid":{"rendered":"https:\/\/dev6.knok-studios.com\/?page_id=4248"},"modified":"2025-03-03T03:17:52","modified_gmt":"2025-03-03T03:17:52","slug":"testimonials","status":"publish","type":"page","link":"https:\/\/travelacrossbhutan.com\/fr\/testimonials\/","title":{"rendered":"T\u00e9moignages"},"content":{"rendered":"<div data-elementor-type=\"wp-page\" data-elementor-id=\"4248\" class=\"elementor elementor-4248\" data-elementor-post-type=\"page\">\n\t\t\t\t<div class=\"elementor-element elementor-element-0550f06 e-flex e-con-boxed e-con e-parent\" data-id=\"0550f06\" data-element_type=\"container\" data-e-type=\"container\">\n\t\t\t\t\t<div class=\"e-con-inner\">\n\t\t\t\t<div class=\"elementor-element elementor-element-392ba03 elementor-widget elementor-widget-heading\" data-id=\"392ba03\" data-element_type=\"widget\" data-e-type=\"widget\" data-widget_type=\"heading.default\">\n\t\t\t\t\t<h2 class=\"elementor-heading-title elementor-size-default\">T\u00e9moignages<\/h2>\t\t\t\t<\/div>\n\t\t\t\t<div class=\"elementor-element elementor-element-6fcf217 elementor-widget elementor-widget-text-editor\" data-id=\"6fcf217\" data-element_type=\"widget\" data-e-type=\"widget\" data-widget_type=\"text-editor.default\">\n\t\t\t\t\t\t\t\t\t<p>Ce que nos clients ont aim\u00e9 chez nous.<\/p>\t\t\t\t\t\t\t\t<\/div>\n\t\t\t\t<div class=\"elementor-element elementor-element-f879199 elementor-widget__width-initial elementor-view-default elementor-widget elementor-widget-icon\" data-id=\"f879199\" data-element_type=\"widget\" data-e-type=\"widget\" data-widget_type=\"icon.default\">\n\t\t\t\t\t\t\t<div class=\"elementor-icon-wrapper\">\n\t\t\t<div class=\"elementor-icon\">\n\t\t\t<svg aria-hidden=\"true\" class=\"e-font-icon-svg e-fas-quote-left\" viewbox=\"0 0 512 512\" xmlns=\"http:\/\/www.w3.org\/2000\/svg\"><path d=\"M464 256h-80v-64c0-35.3 28.7-64 64-64h8c13.3 0 24-10.7 24-24V56c0-13.3-10.7-24-24-24h-8c-88.4 0-160 71.6-160 160v240c0 26.5 21.5 48 48 48h128c26.5 0 48-21.5 48-48V304c0-26.5-21.5-48-48-48zm-288 0H96v-64c0-35.3 28.7-64 64-64h8c13.3 0 24-10.7 24-24V56c0-13.3-10.7-24-24-24h-8C71.6 32 0 103.6 0 192v240c0 26.5 21.5 48 48 48h128c26.5 0 48-21.5 48-48V304c0-26.5-21.5-48-48-48z\"><\/path><\/svg>\t\t\t<\/div>\n\t\t<\/div>\n\t\t\t\t\t\t<\/div>\n\t\t\t\t<div class=\"elementor-element elementor-element-d566647 elementor-widget__width-initial elementor-widget elementor-widget-text-editor\" data-id=\"d566647\" data-element_type=\"widget\" data-e-type=\"widget\" data-widget_type=\"text-editor.default\">\n\t\t\t\t\t\t\t\t\t<p>Tout d&#039;abord nous devons vous remercier pour l&#039;excellente organisation de notre voyage.<\/p><p>Nous \u00e9tions tr\u00e8s heureux d&#039;\u00eatre juste tous les deux dans une voiture tr\u00e8s confortable avec un chauffeur prudent et attentionn\u00e9, Kilecho.<\/p><p>Notre guide, Rinchin, \u00e9tait tr\u00e8s attentionn\u00e9, gentil et serviable. Il a une connaissance approfondie de l&#039;histoire et de la religion et nous a beaucoup appris sur votre merveilleux pays. Il parle tr\u00e8s bien anglais et fran\u00e7ais et a toujours pu r\u00e9pondre \u00e0 nos questions.<br \/>Nous avons appr\u00e9ci\u00e9 de ne jamais \u00eatre oblig\u00e9s d&#039;aller dans les magasins, mais si nous voulions acheter quelque chose, ils savaient o\u00f9 nous emmener. Et les deux jeunes hommes m&#039;ont aid\u00e9 \u00e0 marcher \u00e0 diff\u00e9rents endroits lorsque la route \u00e9tait accident\u00e9e.<\/p><p>Nous avons appr\u00e9ci\u00e9 toutes les visites (avec un jour particuli\u00e8rement pr\u00e9f\u00e9r\u00e9 o\u00f9 nous avons \u00e9t\u00e9 accueillis au monast\u00e8re de Pema Choling, puis nous avons march\u00e9 jusqu&#039;au lac br\u00fblant, et plus tard visit\u00e9 le monast\u00e8re de Tamzhing).<br \/>Notre seule d\u00e9ception fut de ne pas avoir \u00e9t\u00e9 au bon endroit au bon moment pour un festival.<\/p><p>Nos h\u00f4tels pr\u00e9f\u00e9r\u00e9s :<\/p><ul><li>Thimphou, Access Suites. Un tr\u00e8s bel h\u00f4tel r\u00e9cent avec un personnel serviable et poli et de belles chambres. Leur nourriture \u00e9tait bien pr\u00e9sent\u00e9e et bonne.<\/li><li>Jakar, Phuntsho Guesthouse. Ici nous avons \u00e9t\u00e9 vraiment bien accueillis dans la famille qui tient la guesthouse, nous avons pass\u00e9 un tr\u00e8s bon s\u00e9jour, ils ont voulu nous aider et s&#039;occuper de nous. Ils nous ont donn\u00e9 de la nourriture familiale que nous avons beaucoup appr\u00e9ci\u00e9e car, comme vous le savez, beaucoup d&#039;arr\u00eats d\u00e9jeuner et d&#039;h\u00f4tels servent le m\u00eame buffet fade aux touristes ! Une excellente adresse !<\/li><li>Willing Resort, Trongsa. Cet h\u00f4tel \u00e9tait \u00e9videmment plus haut de gamme que ce \u00e0 quoi nous nous attendions, mais nous avons \u00e9t\u00e9 plus que ravis de b\u00e9n\u00e9ficier de la qualit\u00e9 de la chambre, de la vue et de la nourriture. Le personnel \u00e9tait tr\u00e8s attentionn\u00e9 et poli. Nous \u00e9tions les seuls clients de ce bel h\u00f4tel.<\/li><li>Comme vous le savez, nous avons eu un s\u00e9jour malheureux \u00e0 l&#039;h\u00f4tel Parogrand \u00e0 Paro o\u00f9 la chambre \u00e9tait dans un triste \u00e9tat de d\u00e9labrement.<\/li><\/ul><p>Nous \u00e9tions tr\u00e8s satisfaits de nos si\u00e8ges dans l&#039;avion \u00e0 l&#039;arriv\u00e9e et au d\u00e9part de Bangkok, nous remercions votre personnel de nous avoir mis du bon c\u00f4t\u00e9 pour voir l&#039;Himalaya dans les deux sens.<\/p><p>Merci encore pour tout, nous transmettrons votre nom \u00e0 toute personne int\u00e9ress\u00e9e \u00e0 venir au Bhoutan.<\/p><p><strong>Lynda et G\u00e9rard Bellaiche<\/strong><br \/>Les voyageurs<\/p>\t\t\t\t\t\t\t\t<\/div>\n\t\t\t\t<div class=\"elementor-element elementor-element-38bc0cd elementor-widget elementor-widget-heading\" data-id=\"38bc0cd\" data-element_type=\"widget\" data-e-type=\"widget\" data-widget_type=\"heading.default\">\n\t\t\t\t\t<h2 class=\"elementor-heading-title elementor-size-default\">Plus d&#039;avis<\/h2>\t\t\t\t<\/div>\n\t\t\t\t<div class=\"elementor-element elementor-element-1790e7f elementor-view-default elementor-widget elementor-widget-icon\" data-id=\"1790e7f\" data-element_type=\"widget\" data-e-type=\"widget\" data-widget_type=\"icon.default\">\n\t\t\t\t\t\t\t<div class=\"elementor-icon-wrapper\">\n\t\t\t<div class=\"elementor-icon\">\n\t\t\t<svg aria-hidden=\"true\" class=\"e-font-icon-svg e-fas-quote-left\" viewbox=\"0 0 512 512\" xmlns=\"http:\/\/www.w3.org\/2000\/svg\"><path d=\"M464 256h-80v-64c0-35.3 28.7-64 64-64h8c13.3 0 24-10.7 24-24V56c0-13.3-10.7-24-24-24h-8c-88.4 0-160 71.6-160 160v240c0 26.5 21.5 48 48 48h128c26.5 0 48-21.5 48-48V304c0-26.5-21.5-48-48-48zm-288 0H96v-64c0-35.3 28.7-64 64-64h8c13.3 0 24-10.7 24-24V56c0-13.3-10.7-24-24-24h-8C71.6 32 0 103.6 0 192v240c0 26.5 21.5 48 48 48h128c26.5 0 48-21.5 48-48V304c0-26.5-21.5-48-48-48z\"><\/path><\/svg>\t\t\t<\/div>\n\t\t<\/div>\n\t\t\t\t\t\t<\/div>\n\t\t\t\t<div class=\"elementor-element elementor-element-0a96851 elementor-testimonial--skin-default elementor-testimonial--layout-image_inline elementor-testimonial--align-center elementor-arrows-yes elementor-pagination-type-bullets elementor-widget elementor-widget-testimonial-carousel\" data-id=\"0a96851\" data-element_type=\"widget\" data-e-type=\"widget\" data-settings=\"{&quot;slides_per_view&quot;:&quot;1&quot;,&quot;slides_to_scroll&quot;:&quot;1&quot;,&quot;autoplay_speed&quot;:10000,&quot;show_arrows&quot;:&quot;yes&quot;,&quot;pagination&quot;:&quot;bullets&quot;,&quot;speed&quot;:500,&quot;autoplay&quot;:&quot;yes&quot;,&quot;loop&quot;:&quot;yes&quot;,&quot;pause_on_hover&quot;:&quot;yes&quot;,&quot;pause_on_interaction&quot;:&quot;yes&quot;,&quot;space_between&quot;:{&quot;unit&quot;:&quot;px&quot;,&quot;size&quot;:10,&quot;sizes&quot;:[]},&quot;space_between_tablet&quot;:{&quot;unit&quot;:&quot;px&quot;,&quot;size&quot;:10,&quot;sizes&quot;:[]},&quot;space_between_mobile&quot;:{&quot;unit&quot;:&quot;px&quot;,&quot;size&quot;:10,&quot;sizes&quot;:[]}}\" data-widget_type=\"testimonial-carousel.default\">\n\t\t\t\t\t\t\t\t\t\t<div class=\"elementor-main-swiper swiper\" role=\"region\" aria-roledescription=\"carousel\" aria-label=\"Diapositives\">\n\t\t\t\t<div class=\"swiper-wrapper\">\n\t\t\t\t\t\t\t\t\t\t\t<div class=\"swiper-slide\" role=\"group\" aria-roledescription=\"slide\">\n\t\t\t\t\t\t\t\t\t<div class=\"elementor-testimonial\">\n\t\t\t\t\t\t\t<div class=\"elementor-testimonial__content\">\n\t\t\t\t\t<div class=\"elementor-testimonial__text\">\n\t\t\t\t\t\tJe suis ravie de l&#039;incroyable hospitalit\u00e9 d&#039;Across Bhutan lors de mon r\u00e9cent voyage. Les souvenirs de Thimphu et de Punakha resteront grav\u00e9s dans ma m\u00e9moire pour toujours. De la nourriture au chauffeur, tout \u00e9tait exceptionnel. Merci pour ce voyage incroyable !\t\t\t\t\t<\/div>\n\t\t\t\t\t\t\t\t\t<\/div>\n\t\t\t\t\t\t<div class=\"elementor-testimonial__footer\">\n\t\t\t\t\t\t\t\t<cite class=\"elementor-testimonial__cite\"><span class=\"elementor-testimonial__name\">Suvo Adalja<\/span><span class=\"elementor-testimonial__title\">Voyageur<\/span><\/cite>\t\t\t<\/div>\n\t\t<\/div>\n\t\t\t\t\t\t\t\t<\/div>\n\t\t\t\t\t\t\t\t\t\t\t<div class=\"swiper-slide\" role=\"group\" aria-roledescription=\"slide\">\n\t\t\t\t\t\t\t\t\t<div class=\"elementor-testimonial\">\n\t\t\t\t\t\t\t<div class=\"elementor-testimonial__content\">\n\t\t\t\t\t<div class=\"elementor-testimonial__text\">\n\t\t\t\t\t\tNous avons pass\u00e9 un excellent voyage au Bhoutan avec Across Bhutan. Ils nous ont propos\u00e9 un forfait abordable adapt\u00e9 \u00e0 nos besoins. Nous avons visit\u00e9 des destinations majeures et notre famille a pass\u00e9 un merveilleux moment. Merci d&#039;avoir organis\u00e9 un si bon voyage !\t\t\t\t\t<\/div>\n\t\t\t\t\t\t\t\t\t<\/div>\n\t\t\t\t\t\t<div class=\"elementor-testimonial__footer\">\n\t\t\t\t\t\t\t\t<cite class=\"elementor-testimonial__cite\"><span class=\"elementor-testimonial__name\">Rick Saha<\/span><span class=\"elementor-testimonial__title\">Voyageur<\/span><\/cite>\t\t\t<\/div>\n\t\t<\/div>\n\t\t\t\t\t\t\t\t<\/div>\n\t\t\t\t\t\t\t\t\t\t\t<div class=\"swiper-slide\" role=\"group\" aria-roledescription=\"slide\">\n\t\t\t\t\t\t\t\t\t<div class=\"elementor-testimonial\">\n\t\t\t\t\t\t\t<div class=\"elementor-testimonial__content\">\n\t\t\t\t\t<div class=\"elementor-testimonial__text\">\n\t\t\t\t\t\tNotre voyage au Bhoutan a \u00e9t\u00e9 fantastique, gr\u00e2ce \u00e0 l&#039;organisation parfaite d&#039;Across Bhutan. Le personnel et les responsables \u00e9taient tr\u00e8s professionnels et toujours l\u00e0 pour nous aider. Les chauffeurs et les guides touristiques \u00e9taient comp\u00e9tents et courtois, ce qui a rendu notre voyage fluide et sans tracas. Dans l&#039;ensemble, ce fut une exp\u00e9rience incroyable que nous ch\u00e9rirons pour toujours.\t\t\t\t\t<\/div>\n\t\t\t\t\t\t\t\t\t<\/div>\n\t\t\t\t\t\t<div class=\"elementor-testimonial__footer\">\n\t\t\t\t\t\t\t\t<cite class=\"elementor-testimonial__cite\"><span class=\"elementor-testimonial__name\">Arnab Ghosh<\/span><span class=\"elementor-testimonial__title\">Voyageur<\/span><\/cite>\t\t\t<\/div>\n\t\t<\/div>\n\t\t\t\t\t\t\t\t<\/div>\n\t\t\t\t\t\t\t\t\t\t\t<div class=\"swiper-slide\" role=\"group\" aria-roledescription=\"slide\">\n\t\t\t\t\t\t\t\t\t<div class=\"elementor-testimonial\">\n\t\t\t\t\t\t\t<div class=\"elementor-testimonial__content\">\n\t\t\t\t\t<div class=\"elementor-testimonial__text\">\n\t\t\t\t\t\tNotre r\u00e9cent voyage \u00e0 Paro et Thimphu avec Across Bhutan a \u00e9t\u00e9 fantastique. Tous les membres de notre groupe sont ravis de la qualit\u00e9 de leur service et de leur assistance. Merci et meilleurs v\u0153ux pour l&#039;avenir !\t\t\t\t\t<\/div>\n\t\t\t\t\t\t\t\t\t<\/div>\n\t\t\t\t\t\t<div class=\"elementor-testimonial__footer\">\n\t\t\t\t\t\t\t\t<cite class=\"elementor-testimonial__cite\"><span class=\"elementor-testimonial__name\">Pritam Dey<\/span><span class=\"elementor-testimonial__title\">Voyageur<\/span><\/cite>\t\t\t<\/div>\n\t\t<\/div>\n\t\t\t\t\t\t\t\t<\/div>\n\t\t\t\t\t\t\t\t\t\t\t<div class=\"swiper-slide\" role=\"group\" aria-roledescription=\"slide\">\n\t\t\t\t\t\t\t\t\t<div class=\"elementor-testimonial\">\n\t\t\t\t\t\t\t<div class=\"elementor-testimonial__content\">\n\t\t\t\t\t<div class=\"elementor-testimonial__text\">\n\t\t\t\t\t\tNotre voyage au Bhoutan avec Across Bhutan a \u00e9t\u00e9 exceptionnel. Nous avons pass\u00e9 un tr\u00e8s bon moment et les lieux, les h\u00e9bergements et le guide touristique ont d\u00e9pass\u00e9 nos attentes. Nous sommes tr\u00e8s heureux d&#039;avoir choisi l&#039;agence de voyage Across Bhutan pour d\u00e9couvrir le Bhoutan.\t\t\t\t\t<\/div>\n\t\t\t\t\t\t\t\t\t<\/div>\n\t\t\t\t\t\t<div class=\"elementor-testimonial__footer\">\n\t\t\t\t\t\t\t\t<cite class=\"elementor-testimonial__cite\"><span class=\"elementor-testimonial__name\">Biswajit Sarkar<\/span><span class=\"elementor-testimonial__title\">Voyageur<\/span><\/cite>\t\t\t<\/div>\n\t\t<\/div>\n\t\t\t\t\t\t\t\t<\/div>\n\t\t\t\t\t\t\t\t\t<\/div>\n\t\t\t\t\t\t\t\t\t\t\t\t\t\t\t<div class=\"elementor-swiper-button elementor-swiper-button-prev\" role=\"button\" tabindex=\"0\" aria-label=\"Pr\u00e9c\u00e9dent\" data-no-translation-aria-label=\"\">\n\t\t\t\t\t\t\t<svg aria-hidden=\"true\" class=\"e-font-icon-svg e-eicon-chevron-left\" viewbox=\"0 0 1000 1000\" xmlns=\"http:\/\/www.w3.org\/2000\/svg\"><path d=\"M646 125C629 125 613 133 604 142L308 442C296 454 292 471 292 487 292 504 296 521 308 533L604 854C617 867 629 875 646 875 663 875 679 871 692 858 704 846 713 829 713 812 713 796 708 779 692 767L438 487 692 225C700 217 708 204 708 187 708 171 704 154 692 142 675 129 663 125 646 125Z\"><\/path><\/svg>\t\t\t\t\t\t<\/div>\n\t\t\t\t\t\t<div class=\"elementor-swiper-button elementor-swiper-button-next\" role=\"button\" tabindex=\"0\" aria-label=\"Suivant\" data-no-translation-aria-label=\"\">\n\t\t\t\t\t\t\t<svg aria-hidden=\"true\" class=\"e-font-icon-svg e-eicon-chevron-right\" viewbox=\"0 0 1000 1000\" xmlns=\"http:\/\/www.w3.org\/2000\/svg\"><path d=\"M696 533C708 521 713 504 713 487 713 471 708 454 696 446L400 146C388 133 375 125 354 125 338 125 325 129 313 142 300 154 292 171 292 187 292 204 296 221 308 233L563 492 304 771C292 783 288 800 288 817 288 833 296 850 308 863 321 871 338 875 354 875 371 875 388 867 400 854L696 533Z\"><\/path><\/svg>\t\t\t\t\t\t<\/div>\n\t\t\t\t\t\t\t\t\t\t\t\t\t\t\t\t<div class=\"swiper-pagination\"><\/div>\n\t\t\t\t\t\t\t\t\t\t\t\t<\/div>\n\t\t\t\t\t\t\t\t<\/div>\n\t\t\t\t\t<\/div>\n\t\t\t\t<\/div>\n\t\t<div class=\"elementor-element elementor-element-dac97d0 e-flex e-con-boxed e-con e-parent\" data-id=\"dac97d0\" data-element_type=\"container\" data-e-type=\"container\" data-settings=\"{&quot;background_background&quot;:&quot;classic&quot;}\">\n\t\t\t\t\t<div class=\"e-con-inner\">\n\t\t<div class=\"elementor-element elementor-element-468ec18 e-con-full e-flex e-con e-child\" data-id=\"468ec18\" data-element_type=\"container\" data-e-type=\"container\" data-settings=\"{&quot;background_background&quot;:&quot;classic&quot;}\">\n\t\t<div class=\"elementor-element elementor-element-d3305a9 e-con-full e-flex e-con e-child\" data-id=\"d3305a9\" data-element_type=\"container\" data-e-type=\"container\">\n\t\t\t\t<div class=\"elementor-element elementor-element-0ba8253 elementor-widget elementor-widget-text-editor\" data-id=\"0ba8253\" data-element_type=\"widget\" data-e-type=\"widget\" data-widget_type=\"text-editor.default\">\n\t\t\t\t\t\t\t\t\t<p>Commencez \u00e0 planifier votre voyage<\/p>\t\t\t\t\t\t\t\t<\/div>\n\t\t\t\t<div class=\"elementor-element elementor-element-8dddb0a elementor-widget elementor-widget-heading\" data-id=\"8dddb0a\" data-element_type=\"widget\" data-e-type=\"widget\" data-widget_type=\"heading.default\">\n\t\t\t\t\t<h2 class=\"elementor-heading-title elementor-size-default\">Concevez votre circuit personnalis\u00e9 au Bhoutan<\/h2>\t\t\t\t<\/div>\n\t\t\t\t<div class=\"elementor-element elementor-element-ef6e14d uspcardstextwhite elementor-widget elementor-widget-text-editor\" data-id=\"ef6e14d\" data-element_type=\"widget\" data-e-type=\"widget\" data-widget_type=\"text-editor.default\">\n\t\t\t\t\t\t\t\t\t<p>Laissez-nous vous aider \u00e0 cr\u00e9er une aventure personnalis\u00e9e au Bhoutan.<br \/>Travaillez avec nos experts pour concevoir un circuit adapt\u00e9 \u00e0 vos int\u00e9r\u00eats et \u00e0 vos r\u00eaves.<\/p>\t\t\t\t\t\t\t\t<\/div>\n\t\t\t\t<div class=\"elementor-element elementor-element-7aacf03 elementor-widget elementor-widget-button\" data-id=\"7aacf03\" data-element_type=\"widget\" data-e-type=\"widget\" data-widget_type=\"button.default\">\n\t\t\t\t\t\t\t\t\t\t<a class=\"elementor-button elementor-button-link elementor-size-sm\" href=\"https:\/\/travelacrossbhutan.com\/fr\/plan-a-custom-tour\/\">\n\t\t\t\t\t\t<span class=\"elementor-button-content-wrapper\">\n\t\t\t\t\t\t<span class=\"elementor-button-icon\">\n\t\t\t\t<svg aria-hidden=\"true\" class=\"e-font-icon-svg e-fas-angle-right\" viewbox=\"0 0 256 512\" xmlns=\"http:\/\/www.w3.org\/2000\/svg\"><path d=\"M224.3 273l-136 136c-9.4 9.4-24.6 9.4-33.9 0l-22.6-22.6c-9.4-9.4-9.4-24.6 0-33.9l96.4-96.4-96.4-96.4c-9.4-9.4-9.4-24.6 0-33.9L54.3 103c9.4-9.4 24.6-9.4 33.9 0l136 136c9.5 9.4 9.5 24.6.1 34z\"><\/path><\/svg>\t\t\t<\/span>\n\t\t\t\t\t\t\t\t\t<span class=\"elementor-button-text\">Planifiez votre circuit personnalis\u00e9<\/span>\n\t\t\t\t\t<\/span>\n\t\t\t\t\t<\/a>\n\t\t\t\t\t\t\t\t<\/div>\n\t\t\t\t<\/div>\n\t\t\t\t<\/div>\n\t\t\t\t\t<\/div>\n\t\t\t\t<\/div>\n\t\t\t\t<\/div>","protected":false},"excerpt":{"rendered":"<p>Testimonials What our clients loved about us. First of all we must thank you for the excellent organization for our trip. We were very happy to be just the two of us in a very comfortable car with a careful and considerate driver, Kilecho. Our guide, Rinchin, was so attentive, kind and helpful. He has [&hellip;]<\/p>\n","protected":false},"author":1,"featured_media":0,"parent":0,"menu_order":0,"comment_status":"closed","ping_status":"closed","template":"","meta":{"inline_featured_image":false,"footnotes":""},"class_list":["post-4248","page","type-page","status-publish","hentry"],"_links":{"self":[{"href":"https:\/\/travelacrossbhutan.com\/fr\/wp-json\/wp\/v2\/pages\/4248","targetHints":{"allow":["GET"]}}],"collection":[{"href":"https:\/\/travelacrossbhutan.com\/fr\/wp-json\/wp\/v2\/pages"}],"about":[{"href":"https:\/\/travelacrossbhutan.com\/fr\/wp-json\/wp\/v2\/types\/page"}],"author":[{"embeddable":true,"href":"https:\/\/travelacrossbhutan.com\/fr\/wp-json\/wp\/v2\/users\/1"}],"replies":[{"embeddable":true,"href":"https:\/\/travelacrossbhutan.com\/fr\/wp-json\/wp\/v2\/comments?post=4248"}],"version-history":[{"count":0,"href":"https:\/\/travelacrossbhutan.com\/fr\/wp-json\/wp\/v2\/pages\/4248\/revisions"}],"wp:attachment":[{"href":"https:\/\/travelacrossbhutan.com\/fr\/wp-json\/wp\/v2\/media?parent=4248"}],"curies":[{"name":"wp","href":"https:\/\/api.w.org\/{rel}","templated":true}]}}