{"id":1332,"date":"2024-10-11T03:29:35","date_gmt":"2024-10-11T03:29:35","guid":{"rendered":"https:\/\/dev6.knok-studios.com\/?page_id=1332"},"modified":"2025-03-11T03:31:00","modified_gmt":"2025-03-11T03:31:00","slug":"signature-tours","status":"publish","type":"page","link":"https:\/\/travelacrossbhutan.com\/fr\/signature-tours\/","title":{"rendered":"Circuits Signature"},"content":{"rendered":"<div data-elementor-type=\"wp-page\" data-elementor-id=\"1332\" class=\"elementor elementor-1332\" data-elementor-post-type=\"page\">\n\t\t\t\t<div class=\"elementor-element elementor-element-a9fa8e1 e-flex e-con-boxed e-con e-parent\" data-id=\"a9fa8e1\" data-element_type=\"container\" data-e-type=\"container\" data-settings=\"{&quot;background_background&quot;:&quot;classic&quot;}\">\n\t\t\t\t\t<div class=\"e-con-inner\">\n\t\t<div class=\"elementor-element elementor-element-de01688 e-con-full e-flex e-con e-child\" data-id=\"de01688\" data-element_type=\"container\" data-e-type=\"container\">\n\t\t\t\t<div class=\"elementor-element elementor-element-b499e78 elementor-widget elementor-widget-heading\" data-id=\"b499e78\" data-element_type=\"widget\" data-e-type=\"widget\" data-widget_type=\"heading.default\">\n\t\t\t\t\t<p class=\"elementor-heading-title elementor-size-default\"><a href=\"https:\/\/travelacrossbhutan.com\/fr\">Accueil<\/a><\/p>\t\t\t\t<\/div>\n\t\t\t\t<div class=\"elementor-element elementor-element-73f0f83 elementor-widget elementor-widget-heading\" data-id=\"73f0f83\" data-element_type=\"widget\" data-e-type=\"widget\" data-widget_type=\"heading.default\">\n\t\t\t\t\t<p class=\"elementor-heading-title elementor-size-default\">&gt;<\/p>\t\t\t\t<\/div>\n\t\t\t\t<div class=\"elementor-element elementor-element-697c506 elementor-widget elementor-widget-heading\" data-id=\"697c506\" data-element_type=\"widget\" data-e-type=\"widget\" data-widget_type=\"heading.default\">\n\t\t\t\t\t<p class=\"elementor-heading-title elementor-size-default\"><a href=\"https:\/\/travelacrossbhutan.com\/fr\/tours\/\">Circuits<\/a><\/p>\t\t\t\t<\/div>\n\t\t\t\t<div class=\"elementor-element elementor-element-30935da elementor-widget elementor-widget-heading\" data-id=\"30935da\" data-element_type=\"widget\" data-e-type=\"widget\" data-widget_type=\"heading.default\">\n\t\t\t\t\t<p class=\"elementor-heading-title elementor-size-default\">&gt;<\/p>\t\t\t\t<\/div>\n\t\t\t\t<\/div>\n\t\t\t\t<div class=\"elementor-element elementor-element-1026df6 elementor-widget elementor-widget-heading\" data-id=\"1026df6\" data-element_type=\"widget\" data-e-type=\"widget\" data-widget_type=\"heading.default\">\n\t\t\t\t\t<h1 class=\"elementor-heading-title elementor-size-default\">Circuits Signature<\/h1>\t\t\t\t<\/div>\n\t\t\t\t\t<\/div>\n\t\t\t\t<\/div>\n\t\t<div class=\"elementor-element elementor-element-2ecc79a e-flex e-con-boxed e-con e-parent\" data-id=\"2ecc79a\" data-element_type=\"container\" data-e-type=\"container\">\n\t\t\t\t\t<div class=\"e-con-inner\">\n\t\t\t\t<div class=\"elementor-element elementor-element-5fcbc31 elementor-widget elementor-widget-heading\" data-id=\"5fcbc31\" data-element_type=\"widget\" data-e-type=\"widget\" data-widget_type=\"heading.default\">\n\t\t\t\t\t<h2 class=\"elementor-heading-title elementor-size-default\">Signature Tours : des exp\u00e9riences exclusives et inoubliables au Bhoutan<\/h2>\t\t\t\t<\/div>\n\t\t\t\t<div class=\"elementor-element elementor-element-764814f elementor-widget__width-initial elementor-widget elementor-widget-text-editor\" data-id=\"764814f\" data-element_type=\"widget\" data-e-type=\"widget\" data-widget_type=\"text-editor.default\">\n\t\t\t\t\t\t\t\t\t<p><span style=\"font-weight: 400;\">Le Bhoutan est une terre de myst\u00e8re et d&#039;\u00e9merveillement, o\u00f9 les traditions anciennes se marient harmonieusement avec la beaut\u00e9 naturelle intacte. Pour les voyageurs exigeants \u00e0 la recherche d&#039;un <\/span><b>voyage exclusif et profond\u00e9ment enrichissant<\/b><span style=\"font-weight: 400;\">, notre <\/span><b>Circuits Signature<\/b><span style=\"font-weight: 400;\"> proposent des exp\u00e9riences tri\u00e9es sur le volet qui vont au-del\u00e0 de l&#039;ordinaire. Que vous ayez envie d&#039;une <\/span><b>retraite spirituelle, une escapade de luxe, un s\u00e9jour immersif chez l&#039;habitant ou une aventure palpitante<\/b><span style=\"font-weight: 400;\">, ces itin\u00e9raires organis\u00e9s garantissent que votre s\u00e9jour au Bhoutan sera tout simplement extraordinaire.<\/span><\/p><p><span style=\"font-weight: 400;\">\u00c0 <\/span><b>Voyager \u00e0 travers le Bhoutan<\/b><span style=\"font-weight: 400;\">, nous nous sp\u00e9cialisons dans l&#039;artisanat <\/span><b>des exp\u00e9riences uniques et personnalis\u00e9es<\/b><span style=\"font-weight: 400;\"> qui r\u00e9v\u00e8lent les tr\u00e9sors cach\u00e9s du royaume. <\/span><b>majestueux Himalaya<\/b><span style=\"font-weight: 400;\"> au <\/span><b>villages recul\u00e9s et temples sacr\u00e9s<\/b><span style=\"font-weight: 400;\">, nos circuits Signature offrent un lien profond avec les paysages, les habitants et les traditions du Bhoutan.<\/span><\/p>\t\t\t\t\t\t\t\t<\/div>\n\t\t\t\t<div class=\"elementor-element elementor-element-e961bdb elementor-widget-divider--view-line elementor-widget elementor-widget-divider\" data-id=\"e961bdb\" data-element_type=\"widget\" data-e-type=\"widget\" data-widget_type=\"divider.default\">\n\t\t\t\t\t\t\t<div class=\"elementor-divider\">\n\t\t\t<span class=\"elementor-divider-separator\">\n\t\t\t\t\t\t<\/span>\n\t\t<\/div>\n\t\t\t\t\t\t<\/div>\n\t\t\t\t<div class=\"elementor-element elementor-element-1c6ca77 elementor-widget elementor-widget-heading\" data-id=\"1c6ca77\" data-element_type=\"widget\" data-e-type=\"widget\" data-widget_type=\"heading.default\">\n\t\t\t\t\t<h2 class=\"elementor-heading-title elementor-size-default\">Nos circuits exclusifs Signature<\/h2>\t\t\t\t<\/div>\n\t\t\t\t<div class=\"elementor-element elementor-element-009395f elementor-widget elementor-widget-wptravelengine-trips\" data-id=\"009395f\" data-element_type=\"widget\" data-e-type=\"widget\" data-widget_type=\"wptravelengine-trips.default\">\n\t\t\t\t<div class=\"elementor-widget-container\">\n\t\t\t\t\tNo trips available. Please add a new trip.\t\t\t\t<\/div>\n\t\t\t\t<\/div>\n\t\t\t\t<div class=\"elementor-element elementor-element-6b5f7d5 elementor-widget-divider--view-line elementor-widget elementor-widget-divider\" data-id=\"6b5f7d5\" data-element_type=\"widget\" data-e-type=\"widget\" data-widget_type=\"divider.default\">\n\t\t\t\t\t\t\t<div class=\"elementor-divider\">\n\t\t\t<span class=\"elementor-divider-separator\">\n\t\t\t\t\t\t<\/span>\n\t\t<\/div>\n\t\t\t\t\t\t<\/div>\n\t\t\t\t<div class=\"elementor-element elementor-element-e692f38 elementor-widget elementor-widget-heading\" data-id=\"e692f38\" data-element_type=\"widget\" data-e-type=\"widget\" data-widget_type=\"heading.default\">\n\t\t\t\t\t<h2 class=\"elementor-heading-title elementor-size-default\">Pourquoi choisir nos circuits Signature au Bhoutan ?<\/h2>\t\t\t\t<\/div>\n\t\t\t\t<div class=\"elementor-element elementor-element-7e92217 elementor-widget__width-initial elementor-widget elementor-widget-text-editor\" data-id=\"7e92217\" data-element_type=\"widget\" data-e-type=\"widget\" data-widget_type=\"text-editor.default\">\n\t\t\t\t\t\t\t\t\t<p><span style=\"font-weight: 400;\">Notre <\/span><b>Circuits Signature<\/b><span style=\"font-weight: 400;\"> sont con\u00e7us pour les voyageurs qui recherchent <\/span><b>des exp\u00e9riences exceptionnelles<\/b><span style=\"font-weight: 400;\">, alliant d\u00e9couverte culturelle, aventure et confort. Ces voyages comprennent :<\/span><\/p><ul><li style=\"font-weight: 400;\" aria-level=\"1\"><b>Rencontres Authentiques :<\/b><span style=\"font-weight: 400;\"> Rencontrer <\/span><b>moines, artisans et villageois locaux<\/b><span style=\"font-weight: 400;\"> pour une immersion culturelle plus profonde.<\/span><\/li><li style=\"font-weight: 400;\" aria-level=\"1\"><b>Luxe et Confort :<\/b><span style=\"font-weight: 400;\"> D\u00e9couvrez le Bhoutan <\/span><b>H\u00e9bergement haut de gamme<\/b><span style=\"font-weight: 400;\">, y compris <\/span><b>Les g\u00eetes Aman Kora<\/b><span style=\"font-weight: 400;\"> et <\/span><b>h\u00f4tels-boutiques traditionnels<\/b><span style=\"font-weight: 400;\">.<\/span><\/li><li style=\"font-weight: 400;\" aria-level=\"1\"><b>Activit\u00e9s sur mesure :<\/b><span style=\"font-weight: 400;\"> Que vous pr\u00e9f\u00e9riez <\/span><b>m\u00e9ditation spirituelle, balades \u00e0 v\u00e9lo sur des routes panoramiques ou exp\u00e9ditions exclusives d&#039;observation des oiseaux<\/b><span style=\"font-weight: 400;\">, nous adaptons le voyage \u00e0 vos int\u00e9r\u00eats.<\/span><\/li><li style=\"font-weight: 400;\" aria-level=\"1\"><b>Exploration dirig\u00e9e par des experts :<\/b><span> Dirig\u00e9 par <\/span><b>guides bhoutanais chevronn\u00e9s<\/b><span>, nos circuits Signature garantissent un acc\u00e8s privil\u00e9gi\u00e9 aux sites les plus visit\u00e9s du Bhoutan <\/span><b>sites sacr\u00e9s et paysages \u00e0 couper le souffle<\/b><span>.<\/span><\/li><\/ul>\t\t\t\t\t\t\t\t<\/div>\n\t\t\t\t<div class=\"elementor-element elementor-element-d3b5dde elementor-widget-divider--view-line elementor-widget elementor-widget-divider\" data-id=\"d3b5dde\" data-element_type=\"widget\" data-e-type=\"widget\" data-widget_type=\"divider.default\">\n\t\t\t\t\t\t\t<div class=\"elementor-divider\">\n\t\t\t<span class=\"elementor-divider-separator\">\n\t\t\t\t\t\t<\/span>\n\t\t<\/div>\n\t\t\t\t\t\t<\/div>\n\t\t\t\t<div class=\"elementor-element elementor-element-e9fd93c elementor-widget elementor-widget-heading\" data-id=\"e9fd93c\" data-element_type=\"widget\" data-e-type=\"widget\" data-widget_type=\"heading.default\">\n\t\t\t\t\t<h2 class=\"elementor-heading-title elementor-size-default\">Pourquoi r\u00e9server un circuit signature avec Travel Across Bhoutan\u00a0?<\/h2>\t\t\t\t<\/div>\n\t\t\t\t<div class=\"elementor-element elementor-element-b08a430 elementor-widget__width-initial elementor-widget elementor-widget-text-editor\" data-id=\"b08a430\" data-element_type=\"widget\" data-e-type=\"widget\" data-widget_type=\"text-editor.default\">\n\t\t\t\t\t\t\t\t\t<ul><li style=\"font-weight: 400;\" aria-level=\"1\"><b>Itin\u00e9raires personnalis\u00e9s :<\/b><span style=\"font-weight: 400;\"> Chaque voyage est adapt\u00e9 \u00e0 vos pr\u00e9f\u00e9rences et \u00e0 votre style de voyage.<\/span><\/li><li style=\"font-weight: 400;\" aria-level=\"1\"><b>Acc\u00e8s exclusif :<\/b><span style=\"font-weight: 400;\"> B\u00e9n\u00e9ficiez d&#039;une entr\u00e9e VIP pour <\/span><b>temples sacr\u00e9s, retraites de luxe et tr\u00e9sors cach\u00e9s<\/b><span style=\"font-weight: 400;\">.<\/span><\/li><li style=\"font-weight: 400;\" aria-level=\"1\"><b>Une expertise in\u00e9gal\u00e9e :<\/b><span style=\"font-weight: 400;\"> Nos guides sont des experts bhoutanais passionn\u00e9s qui donnent vie \u00e0 chaque lieu.<\/span><\/li><li style=\"font-weight: 400;\" aria-level=\"1\"><b>Engagement en mati\u00e8re de d\u00e9veloppement durable :<\/b><span> Voyagez de mani\u00e8re responsable avec des h\u00e9bergements et des services respectueux de l&#039;environnement. <\/span><b>tourisme \u00e0 faible impact<\/b><span> pratiques.<\/span><\/li><\/ul>\t\t\t\t\t\t\t\t<\/div>\n\t\t<div class=\"elementor-element elementor-element-dded60e e-con-full e-flex e-con e-child\" data-id=\"dded60e\" data-element_type=\"container\" data-e-type=\"container\" data-settings=\"{&quot;background_background&quot;:&quot;classic&quot;}\">\n\t\t<div class=\"elementor-element elementor-element-36105e5 e-con-full e-flex e-con e-child\" data-id=\"36105e5\" data-element_type=\"container\" data-e-type=\"container\">\n\t\t\t\t<div class=\"elementor-element elementor-element-2a39cf8 elementor-widget elementor-widget-text-editor\" data-id=\"2a39cf8\" data-element_type=\"widget\" data-e-type=\"widget\" data-widget_type=\"text-editor.default\">\n\t\t\t\t\t\t\t\t\t<p>Pr\u00eat \u00e0 visiter le Bhoutan ?<\/p>\t\t\t\t\t\t\t\t<\/div>\n\t\t\t\t<div class=\"elementor-element elementor-element-6710b4f elementor-widget elementor-widget-heading\" data-id=\"6710b4f\" data-element_type=\"widget\" data-e-type=\"widget\" data-widget_type=\"heading.default\">\n\t\t\t\t\t<h2 class=\"elementor-heading-title elementor-size-default\">Commencez votre aventure exclusive au Bhoutan d\u00e8s aujourd\u2019hui\u00a0!<\/h2>\t\t\t\t<\/div>\n\t\t\t\t<div class=\"elementor-element elementor-element-12ae5ab uspcardstextwhite elementor-widget elementor-widget-text-editor\" data-id=\"12ae5ab\" data-element_type=\"widget\" data-e-type=\"widget\" data-widget_type=\"text-editor.default\">\n\t\t\t\t\t\t\t\t\t<p>Que vous recherchiez un \u00e9veil spirituel, une immersion culturelle, un luxe indulgent ou une aventure pleine d&#039;adr\u00e9naline, nos circuits Signature offrent une exp\u00e9rience bhoutanaise inoubliable con\u00e7ue sp\u00e9cialement pour vous.<\/p><p>R\u00e9servez d\u00e8s maintenant et embarquez pour le voyage d\u2019une vie !<\/p>\t\t\t\t\t\t\t\t<\/div>\n\t\t\t\t<div class=\"elementor-element elementor-element-ffae171 elementor-widget elementor-widget-button\" data-id=\"ffae171\" data-element_type=\"widget\" data-e-type=\"widget\" data-widget_type=\"button.default\">\n\t\t\t\t\t\t\t\t\t\t<a class=\"elementor-button elementor-button-link elementor-size-sm\" href=\"https:\/\/travelacrossbhutan.com\/fr\/plan-a-custom-tour\/\">\n\t\t\t\t\t\t<span class=\"elementor-button-content-wrapper\">\n\t\t\t\t\t\t<span class=\"elementor-button-icon\">\n\t\t\t\t<svg aria-hidden=\"true\" class=\"e-font-icon-svg e-fas-angle-right\" viewbox=\"0 0 256 512\" xmlns=\"http:\/\/www.w3.org\/2000\/svg\"><path d=\"M224.3 273l-136 136c-9.4 9.4-24.6 9.4-33.9 0l-22.6-22.6c-9.4-9.4-9.4-24.6 0-33.9l96.4-96.4-96.4-96.4c-9.4-9.4-9.4-24.6 0-33.9L54.3 103c9.4-9.4 24.6-9.4 33.9 0l136 136c9.5 9.4 9.5 24.6.1 34z\"><\/path><\/svg>\t\t\t<\/span>\n\t\t\t\t\t\t\t\t\t<span class=\"elementor-button-text\">R\u00e9servez votre Signature Tour maintenant<\/span>\n\t\t\t\t\t<\/span>\n\t\t\t\t\t<\/a>\n\t\t\t\t\t\t\t\t<\/div>\n\t\t\t\t<\/div>\n\t\t\t\t<\/div>\n\t\t\t\t\t<\/div>\n\t\t\t\t<\/div>\n\t\t\t\t<\/div>","protected":false},"excerpt":{"rendered":"<p>Home &gt; Tours &gt; Signature tours packages Signature Tours: Exclusive &amp; Unforgettable Bhutan Experiences Bhutan is a land of mystery and wonder, where ancient traditions blend seamlessly with untouched natural beauty. For discerning travelers seeking an exclusive and deeply enriching journey, our Signature Tours offer handpicked experiences that go beyond the ordinary. Whether you crave [&hellip;]<\/p>\n","protected":false},"author":1,"featured_media":0,"parent":0,"menu_order":6,"comment_status":"closed","ping_status":"closed","template":"","meta":{"inline_featured_image":false,"footnotes":""},"class_list":["post-1332","page","type-page","status-publish","hentry"],"_links":{"self":[{"href":"https:\/\/travelacrossbhutan.com\/fr\/wp-json\/wp\/v2\/pages\/1332","targetHints":{"allow":["GET"]}}],"collection":[{"href":"https:\/\/travelacrossbhutan.com\/fr\/wp-json\/wp\/v2\/pages"}],"about":[{"href":"https:\/\/travelacrossbhutan.com\/fr\/wp-json\/wp\/v2\/types\/page"}],"author":[{"embeddable":true,"href":"https:\/\/travelacrossbhutan.com\/fr\/wp-json\/wp\/v2\/users\/1"}],"replies":[{"embeddable":true,"href":"https:\/\/travelacrossbhutan.com\/fr\/wp-json\/wp\/v2\/comments?post=1332"}],"version-history":[{"count":0,"href":"https:\/\/travelacrossbhutan.com\/fr\/wp-json\/wp\/v2\/pages\/1332\/revisions"}],"wp:attachment":[{"href":"https:\/\/travelacrossbhutan.com\/fr\/wp-json\/wp\/v2\/media?parent=1332"}],"curies":[{"name":"wp","href":"https:\/\/api.w.org\/{rel}","templated":true}]}}